{"id":7,"date":"2013-11-20T16:57:35","date_gmt":"2013-11-20T15:57:35","guid":{"rendered":"http:\/\/gites.localhost\/de\/?page_id=7"},"modified":"2022-03-27T16:52:34","modified_gmt":"2022-03-27T15:52:34","slug":"wohnungen","status":"publish","type":"page","link":"https:\/\/www.gites-weyer.fr\/de\/wohnungen\/","title":{"rendered":"Die zweist\u00f6ckigen Ferienwohnungen (2 Personen)"},"content":{"rendered":"<p>Die zweist\u00f6ckigen Ferienwohnungen mit einer Fl\u00e4che von 45 m\u00b2, nach S\u00fcden gerichtet, sind erreichbar durch eine auf den Hof gehende Treppe und einen gedeckden Balcon. Sie sind alle drei gleich geschmackvoll ausgestattet.<\/p>\n<h2>Ferienwohnung 3<\/h2>\n\n\t\t<style type='text\/css'>\n\t\t\t#gallery-1 {\n\t\t\t\tmargin: auto;\n\t\t\t}\n\t\t\t#gallery-1 .gallery-item {\n\t\t\t\tmargin-top: 10px;\n\t\t\t\ttext-align: center;\n\t\t\t}\n\t\t\t#gallery-1 img {\n\t\t\t\tborder: 2px solid #cfcfcf;\n\t\t\t}\n\t\t\t#gallery-1 .gallery-caption {\n\t\t\t\tmargin-left: 0;\n\t\t\t}\n\t\t\t\/* see gallery_shortcode() in wp-includes\/media.php *\/\n\t\t<\/style>\n\t\t<div id='gallery-1' class='row gallery galleryid-7 gallery-size-thumbnail'><div class='gallery-item col-xs-12 col-sm-6 col-md-3'>\n\t\t\t<div class='gallery-icon landscape'>\n\t\t\t\t<a href='https:\/\/www.gites-weyer.fr\/de\/wp-content\/uploads\/sites\/3\/2013\/11\/Gites-Weyer-05.jpg' title=\"\" data-rl_title=\"\" class=\"img-responsive rl-gallery-link\" data-rl_caption=\"\" data-rel=\"lightbox-gallery-1\"><img decoding=\"async\"   src=\"https:\/\/www.gites-weyer.fr\/de\/wp-content\/uploads\/sites\/3\/2013\/11\/Gites-Weyer-05-150x150.jpg\" class=\"img-responsive attachment-thumbnail size-thumbnail\" alt=\"\" \/><\/a>\n\t\t\t<\/div><\/div><div class='gallery-item col-xs-12 col-sm-6 col-md-3'>\n\t\t\t<div class='gallery-icon landscape'>\n\t\t\t\t<a href='https:\/\/www.gites-weyer.fr\/de\/wp-content\/uploads\/sites\/3\/2013\/11\/Gites-Weyer-03.jpg' title=\"\" data-rl_title=\"\" class=\"img-responsive rl-gallery-link\" data-rl_caption=\"\" data-rel=\"lightbox-gallery-1\"><img decoding=\"async\"   src=\"https:\/\/www.gites-weyer.fr\/de\/wp-content\/uploads\/sites\/3\/2013\/11\/Gites-Weyer-03-150x150.jpg\" class=\"img-responsive attachment-thumbnail size-thumbnail\" alt=\"\" \/><\/a>\n\t\t\t<\/div><\/div><div class=\"clearfix visible-sm\"><\/div><div class='gallery-item col-xs-12 col-sm-6 col-md-3'>\n\t\t\t<div class='gallery-icon portrait'>\n\t\t\t\t<a href='https:\/\/www.gites-weyer.fr\/de\/wp-content\/uploads\/sites\/3\/2013\/11\/Gites-Weyer-09.jpg' title=\"\" data-rl_title=\"\" class=\"img-responsive rl-gallery-link\" data-rl_caption=\"\" data-rel=\"lightbox-gallery-1\"><img decoding=\"async\"   src=\"https:\/\/www.gites-weyer.fr\/de\/wp-content\/uploads\/sites\/3\/2013\/11\/Gites-Weyer-09-150x150.jpg\" class=\"img-responsive attachment-thumbnail size-thumbnail\" alt=\"\" \/><\/a>\n\t\t\t<\/div><\/div><div class='gallery-item col-xs-12 col-sm-6 col-md-3'>\n\t\t\t<div class='gallery-icon landscape'>\n\t\t\t\t<a href='https:\/\/www.gites-weyer.fr\/de\/wp-content\/uploads\/sites\/3\/2013\/11\/Gites-Weyer-08.jpg' title=\"\" data-rl_title=\"\" class=\"img-responsive rl-gallery-link\" data-rl_caption=\"\" data-rel=\"lightbox-gallery-1\"><img decoding=\"async\"   src=\"https:\/\/www.gites-weyer.fr\/de\/wp-content\/uploads\/sites\/3\/2013\/11\/Gites-Weyer-08-150x150.jpg\" class=\"img-responsive attachment-thumbnail size-thumbnail\" alt=\"\" \/><\/a>\n\t\t\t<\/div><\/div><div class=\"clearfix visible-md visible-lg\"><\/div><div class=\"clearfix visible-sm\"><\/div>\n\t\t<\/div>\n\n<h2>Ferienwohnung 2<\/h2>\n\n\t\t<style type='text\/css'>\n\t\t\t#gallery-2 {\n\t\t\t\tmargin: auto;\n\t\t\t}\n\t\t\t#gallery-2 .gallery-item {\n\t\t\t\tmargin-top: 10px;\n\t\t\t\ttext-align: center;\n\t\t\t}\n\t\t\t#gallery-2 img {\n\t\t\t\tborder: 2px solid #cfcfcf;\n\t\t\t}\n\t\t\t#gallery-2 .gallery-caption {\n\t\t\t\tmargin-left: 0;\n\t\t\t}\n\t\t\t\/* see gallery_shortcode() in wp-includes\/media.php *\/\n\t\t<\/style>\n\t\t<div id='gallery-2' class='row gallery galleryid-7 gallery-size-thumbnail'><div class='gallery-item col-xs-12 col-sm-6 col-md-3'>\n\t\t\t<div class='gallery-icon landscape'>\n\t\t\t\t<a href='https:\/\/www.gites-weyer.fr\/de\/wp-content\/uploads\/sites\/3\/2013\/11\/Meuble-de-tourisme-Bergheim-02_06.jpg' title=\"\" data-rl_title=\"\" class=\"img-responsive rl-gallery-link\" data-rl_caption=\"\" data-rel=\"lightbox-gallery-2\"><img decoding=\"async\"   src=\"https:\/\/www.gites-weyer.fr\/de\/wp-content\/uploads\/sites\/3\/2013\/11\/Meuble-de-tourisme-Bergheim-02_06-150x150.jpg\" class=\"img-responsive attachment-thumbnail size-thumbnail\" alt=\"\" \/><\/a>\n\t\t\t<\/div><\/div><div class='gallery-item col-xs-12 col-sm-6 col-md-3'>\n\t\t\t<div class='gallery-icon landscape'>\n\t\t\t\t<a href='https:\/\/www.gites-weyer.fr\/de\/wp-content\/uploads\/sites\/3\/2013\/11\/Meuble-de-tourisme-Bergheim-02_05.jpg' title=\"\" data-rl_title=\"\" class=\"img-responsive rl-gallery-link\" data-rl_caption=\"\" data-rel=\"lightbox-gallery-2\"><img decoding=\"async\"   src=\"https:\/\/www.gites-weyer.fr\/de\/wp-content\/uploads\/sites\/3\/2013\/11\/Meuble-de-tourisme-Bergheim-02_05-150x150.jpg\" class=\"img-responsive attachment-thumbnail size-thumbnail\" alt=\"\" \/><\/a>\n\t\t\t<\/div><\/div><div class=\"clearfix visible-sm\"><\/div><div class='gallery-item col-xs-12 col-sm-6 col-md-3'>\n\t\t\t<div class='gallery-icon portrait'>\n\t\t\t\t<a href='https:\/\/www.gites-weyer.fr\/de\/wp-content\/uploads\/sites\/3\/2013\/11\/Meuble-de-tourisme-Bergheim-02_09.jpg' title=\"\" data-rl_title=\"\" class=\"img-responsive rl-gallery-link\" data-rl_caption=\"\" data-rel=\"lightbox-gallery-2\"><img decoding=\"async\"   src=\"https:\/\/www.gites-weyer.fr\/de\/wp-content\/uploads\/sites\/3\/2013\/11\/Meuble-de-tourisme-Bergheim-02_09-150x150.jpg\" class=\"img-responsive attachment-thumbnail size-thumbnail\" alt=\"\" \/><\/a>\n\t\t\t<\/div><\/div><div class='gallery-item col-xs-12 col-sm-6 col-md-3'>\n\t\t\t<div class='gallery-icon landscape'>\n\t\t\t\t<a href='https:\/\/www.gites-weyer.fr\/de\/wp-content\/uploads\/sites\/3\/2013\/11\/IMG_0036.jpg' title=\"\" data-rl_title=\"\" class=\"img-responsive rl-gallery-link\" data-rl_caption=\"\" data-rel=\"lightbox-gallery-2\"><img decoding=\"async\"   src=\"https:\/\/www.gites-weyer.fr\/de\/wp-content\/uploads\/sites\/3\/2013\/11\/IMG_0036-150x150.jpg\" class=\"img-responsive attachment-thumbnail size-thumbnail\" alt=\"\" \/><\/a>\n\t\t\t<\/div><\/div><div class=\"clearfix visible-md visible-lg\"><\/div><div class=\"clearfix visible-sm\"><\/div>\n\t\t<\/div>\n\n<h2>Ferienwohnung 1<\/h2>\n\n\t\t<style type='text\/css'>\n\t\t\t#gallery-3 {\n\t\t\t\tmargin: auto;\n\t\t\t}\n\t\t\t#gallery-3 .gallery-item {\n\t\t\t\tmargin-top: 10px;\n\t\t\t\ttext-align: center;\n\t\t\t}\n\t\t\t#gallery-3 img {\n\t\t\t\tborder: 2px solid #cfcfcf;\n\t\t\t}\n\t\t\t#gallery-3 .gallery-caption {\n\t\t\t\tmargin-left: 0;\n\t\t\t}\n\t\t\t\/* see gallery_shortcode() in wp-includes\/media.php *\/\n\t\t<\/style>\n\t\t<div id='gallery-3' class='row gallery galleryid-7 gallery-size-thumbnail'><div class='gallery-item col-xs-12 col-sm-6 col-md-3'>\n\t\t\t<div class='gallery-icon portrait'>\n\t\t\t\t<a href='https:\/\/www.gites-weyer.fr\/de\/wp-content\/uploads\/sites\/3\/2013\/11\/location-vacances-alsace-07.jpg' title=\"\" data-rl_title=\"\" class=\"img-responsive rl-gallery-link\" data-rl_caption=\"\" data-rel=\"lightbox-gallery-3\"><img decoding=\"async\"   src=\"https:\/\/www.gites-weyer.fr\/de\/wp-content\/uploads\/sites\/3\/2013\/11\/location-vacances-alsace-07-150x150.jpg\" class=\"img-responsive attachment-thumbnail size-thumbnail\" alt=\"\" \/><\/a>\n\t\t\t<\/div><\/div><div class='gallery-item col-xs-12 col-sm-6 col-md-3'>\n\t\t\t<div class='gallery-icon landscape'>\n\t\t\t\t<a href='https:\/\/www.gites-weyer.fr\/de\/wp-content\/uploads\/sites\/3\/2013\/11\/location-vacances-alsace-041.jpg' title=\"\" data-rl_title=\"\" class=\"img-responsive rl-gallery-link\" data-rl_caption=\"\" data-rel=\"lightbox-gallery-3\"><img decoding=\"async\"   src=\"https:\/\/www.gites-weyer.fr\/de\/wp-content\/uploads\/sites\/3\/2013\/11\/location-vacances-alsace-041-150x150.jpg\" class=\"img-responsive attachment-thumbnail size-thumbnail\" alt=\"\" \/><\/a>\n\t\t\t<\/div><\/div><div class=\"clearfix visible-sm\"><\/div><div class='gallery-item col-xs-12 col-sm-6 col-md-3'>\n\t\t\t<div class='gallery-icon portrait'>\n\t\t\t\t<a href='https:\/\/www.gites-weyer.fr\/de\/wp-content\/uploads\/sites\/3\/2013\/11\/gites-weyer-alsace_07.jpg' title=\"\" data-rl_title=\"\" class=\"img-responsive rl-gallery-link\" data-rl_caption=\"\" data-rel=\"lightbox-gallery-3\"><img decoding=\"async\"   src=\"https:\/\/www.gites-weyer.fr\/de\/wp-content\/uploads\/sites\/3\/2013\/11\/gites-weyer-alsace_07-150x150.jpg\" class=\"img-responsive attachment-thumbnail size-thumbnail\" alt=\"\" \/><\/a>\n\t\t\t<\/div><\/div><div class='gallery-item col-xs-12 col-sm-6 col-md-3'>\n\t\t\t<div class='gallery-icon landscape'>\n\t\t\t\t<a href='https:\/\/www.gites-weyer.fr\/de\/wp-content\/uploads\/sites\/3\/2013\/11\/location-vacances-alsace-09.jpg' title=\"\" data-rl_title=\"\" class=\"img-responsive rl-gallery-link\" data-rl_caption=\"\" data-rel=\"lightbox-gallery-3\"><img decoding=\"async\"   src=\"https:\/\/www.gites-weyer.fr\/de\/wp-content\/uploads\/sites\/3\/2013\/11\/location-vacances-alsace-09-150x150.jpg\" class=\"img-responsive attachment-thumbnail size-thumbnail\" alt=\"\" \/><\/a>\n\t\t\t<\/div><\/div><div class=\"clearfix visible-md visible-lg\"><\/div><div class=\"clearfix visible-sm\"><\/div>\n\t\t<\/div>\n\n<h2>Sie bestehen aus :<\/h2>\n<h3>Erster Stock :<\/h3>\n<ul>\n<li>Wohnzimmer<\/li>\n<li>Waschraum<\/li>\n<li>Abort (WC)<\/li>\n<\/ul>\n<h4>Das Wohnzimmer (19m\u00b2)<\/h4>\n<p>Mit einer gut ausgestatteten K\u00fcche, 1 Tisch, 4 St\u00fchle, 1 Schlafsofa, 1 Salontisch, 1 Fernseher.<\/p>\n<h4>Der Waschraum<\/h4>\n<p>Mit Lavabo und Dusche<\/p>\n<h3>Zweiter Stock:<\/h3>\n<h4 style=\"text-align: left;\">Das Schlafzimmer<\/h4>\n<p>1 Schlafzimmer (18 m\u00b2) mit 1 Bett f\u00fcr 2 Personen ( 140 x 190 ) f\u00fcr 2 Personen, 2 Nachttischchen, 1 Wandschrank.<\/p>\n<h2>Verschiedene Ausstattungen:<\/h2>\n<ul>\n<li>Stehen zur Verf\u00fcgung: Waschmaschine, W\u00e4schetrockner, Trockenleine, B\u00fcgeleisen, Staubsauger.<\/li>\n<li>Im Hof: Parkpl\u00e4tze, Gartenm\u00f6bel.<\/li>\n<\/ul>\n","protected":false},"excerpt":{"rendered":"<p>Die zweist\u00f6ckigen Ferienwohnungen mit einer Fl\u00e4che von 45 m\u00b2, nach S\u00fcden gerichtet, sind erreichbar durch eine auf den Hof gehende Treppe und einen gedeckden Balcon. Sie sind alle drei gleich geschmackvoll ausgestattet. Ferienwohnung 3 Ferienwohnung 2 Ferienwohnung 1 Sie bestehen aus : Erster Stock : Wohnzimmer Waschraum Abort (WC) Das Wohnzimmer (19m\u00b2) Mit einer gut [&hellip;]<\/p>\n","protected":false},"author":1,"featured_media":0,"parent":0,"menu_order":0,"comment_status":"closed","ping_status":"open","template":"","meta":{"footnotes":""},"class_list":["post-7","page","type-page","status-publish","hentry"],"yoast_head":"<!-- This site is optimized with the Yoast SEO plugin v21.8 - https:\/\/yoast.com\/wordpress\/plugins\/seo\/ -->\n<title>Die zweist\u00f6ckigen Ferienwohnungen (2 Personen) - Les G\u00eetes de Suzanne et Martin<\/title>\n<meta name=\"robots\" content=\"index, follow, max-snippet:-1, max-image-preview:large, max-video-preview:-1\" \/>\n<link rel=\"canonical\" href=\"https:\/\/www.gites-weyer.fr\/de\/wohnungen\/\" \/>\n<meta name=\"twitter:label1\" content=\"Gesch\u00e4tzte Lesezeit\" \/>\n\t<meta name=\"twitter:data1\" content=\"1\u00a0Minute\" \/>\n<script type=\"application\/ld+json\" class=\"yoast-schema-graph\">{\"@context\":\"https:\/\/schema.org\",\"@graph\":[{\"@type\":\"WebPage\",\"@id\":\"https:\/\/www.gites-weyer.fr\/de\/wohnungen\/\",\"url\":\"https:\/\/www.gites-weyer.fr\/de\/wohnungen\/\",\"name\":\"Die zweist\u00f6ckigen Ferienwohnungen (2 Personen) - Les G\u00eetes de Suzanne et Martin\",\"isPartOf\":{\"@id\":\"https:\/\/www.gites-weyer.fr\/de\/#website\"},\"datePublished\":\"2013-11-20T15:57:35+00:00\",\"dateModified\":\"2022-03-27T15:52:34+00:00\",\"inLanguage\":\"de\",\"potentialAction\":[{\"@type\":\"ReadAction\",\"target\":[\"https:\/\/www.gites-weyer.fr\/de\/wohnungen\/\"]}]},{\"@type\":\"WebSite\",\"@id\":\"https:\/\/www.gites-weyer.fr\/de\/#website\",\"url\":\"https:\/\/www.gites-weyer.fr\/de\/\",\"name\":\"Les G\u00eetes de Suzanne et Martin\",\"description\":\"Les G\u00eetes de Suzanne et Martin\",\"potentialAction\":[{\"@type\":\"SearchAction\",\"target\":{\"@type\":\"EntryPoint\",\"urlTemplate\":\"https:\/\/www.gites-weyer.fr\/de\/?s={search_term_string}\"},\"query-input\":\"required name=search_term_string\"}],\"inLanguage\":\"de\"}]}<\/script>\n<!-- \/ Yoast SEO plugin. -->","yoast_head_json":{"title":"Die zweist\u00f6ckigen Ferienwohnungen (2 Personen) - Les G\u00eetes de Suzanne et Martin","robots":{"index":"index","follow":"follow","max-snippet":"max-snippet:-1","max-image-preview":"max-image-preview:large","max-video-preview":"max-video-preview:-1"},"canonical":"https:\/\/www.gites-weyer.fr\/de\/wohnungen\/","twitter_misc":{"Gesch\u00e4tzte Lesezeit":"1\u00a0Minute"},"schema":{"@context":"https:\/\/schema.org","@graph":[{"@type":"WebPage","@id":"https:\/\/www.gites-weyer.fr\/de\/wohnungen\/","url":"https:\/\/www.gites-weyer.fr\/de\/wohnungen\/","name":"Die zweist\u00f6ckigen Ferienwohnungen (2 Personen) - Les G\u00eetes de Suzanne et Martin","isPartOf":{"@id":"https:\/\/www.gites-weyer.fr\/de\/#website"},"datePublished":"2013-11-20T15:57:35+00:00","dateModified":"2022-03-27T15:52:34+00:00","inLanguage":"de","potentialAction":[{"@type":"ReadAction","target":["https:\/\/www.gites-weyer.fr\/de\/wohnungen\/"]}]},{"@type":"WebSite","@id":"https:\/\/www.gites-weyer.fr\/de\/#website","url":"https:\/\/www.gites-weyer.fr\/de\/","name":"Les G\u00eetes de Suzanne et Martin","description":"Les G\u00eetes de Suzanne et Martin","potentialAction":[{"@type":"SearchAction","target":{"@type":"EntryPoint","urlTemplate":"https:\/\/www.gites-weyer.fr\/de\/?s={search_term_string}"},"query-input":"required name=search_term_string"}],"inLanguage":"de"}]}},"_links":{"self":[{"href":"https:\/\/www.gites-weyer.fr\/de\/wp-json\/wp\/v2\/pages\/7"}],"collection":[{"href":"https:\/\/www.gites-weyer.fr\/de\/wp-json\/wp\/v2\/pages"}],"about":[{"href":"https:\/\/www.gites-weyer.fr\/de\/wp-json\/wp\/v2\/types\/page"}],"author":[{"embeddable":true,"href":"https:\/\/www.gites-weyer.fr\/de\/wp-json\/wp\/v2\/users\/1"}],"replies":[{"embeddable":true,"href":"https:\/\/www.gites-weyer.fr\/de\/wp-json\/wp\/v2\/comments?post=7"}],"version-history":[{"count":13,"href":"https:\/\/www.gites-weyer.fr\/de\/wp-json\/wp\/v2\/pages\/7\/revisions"}],"predecessor-version":[{"id":186,"href":"https:\/\/www.gites-weyer.fr\/de\/wp-json\/wp\/v2\/pages\/7\/revisions\/186"}],"wp:attachment":[{"href":"https:\/\/www.gites-weyer.fr\/de\/wp-json\/wp\/v2\/media?parent=7"}],"curies":[{"name":"wp","href":"https:\/\/api.w.org\/{rel}","templated":true}]}}